{"id":112,"date":"2025-04-06T15:48:04","date_gmt":"2025-04-06T15:48:04","guid":{"rendered":"https:\/\/zoldpirinyok.hu\/?page_id=112"},"modified":"2025-04-06T16:16:12","modified_gmt":"2025-04-06T16:16:12","slug":"aszf","status":"publish","type":"page","link":"https:\/\/zoldpirinyok.hu\/index.php\/aszf\/","title":{"rendered":"Adatv\u00e9delmi t\u00e1j\u00e9koztat\u00f3"},"content":{"rendered":"\n<p><\/p>\n\n\n\n<p><strong>1. Az adatkezel\u0151 adatai<\/strong><\/p>\n\n\n\n<p><strong>N\u00e9v:<\/strong>\u00a0Kiss Tam\u00e1s Zsolt &#8211; \u0151stermel\u0151<br><strong>C\u00edm:<\/strong>\u00a02000 Szentendre, T\u00e1bor utca 11.<br><strong>E-mail:<\/strong>\u00a0<a href=\"mailto:info@zoldpirinyok.hu\">info@zoldpirinyok.hu<\/a><br><strong>Weboldal:<\/strong>\u00a0<a href=\"https:\/\/zoldpirinyok.hu\">https:\/\/zoldpirinyok.hu<\/a><\/p>\n\n\n\n<p><strong>2. Az adatkezel\u00e9s c\u00e9lja<\/strong><\/p>\n\n\n\n<p>A kapcsolatfelv\u00e9tel sor\u00e1n megadott szem\u00e9lyes adatokat (pl. n\u00e9v, e-mail c\u00edm, \u00fczenet tartalma) kiz\u00e1r\u00f3lag abb\u00f3l a c\u00e9lb\u00f3l kezelj\u00fck, hogy v\u00e1laszolni tudjunk a megkeres\u00e9sre. Nem k\u00fcld\u00fcnk h\u00edrlevelet, rekl\u00e1mot, \u00e9s nem adjuk tov\u00e1bb az adatokat harmadik f\u00e9l r\u00e9sz\u00e9re.<\/p>\n\n\n\n<p><strong>3. A kezelt adatok k\u00f6re<\/strong><\/p>\n\n\n\n<p>\u2022&nbsp;N\u00e9v (amennyiben meg van adva az \u00fczenetben)<\/p>\n\n\n\n<p>\u2022&nbsp;E-mail c\u00edm<\/p>\n\n\n\n<p>\u2022&nbsp;Az \u00fczenet tartalma<\/p>\n\n\n\n<p><strong>4. Az adatkezel\u00e9s jogalapja<\/strong><\/p>\n\n\n\n<p>Az adatkezel\u00e9s jogalapja az \u00d6n \u00f6nk\u00e9ntes hozz\u00e1j\u00e1rul\u00e1sa, amelyet azzal ad meg, hogy e-mailben kapcsolatba l\u00e9p vel\u00fcnk (GDPR 6. cikk (1) bekezd\u00e9s a) pont).<\/p>\n\n\n\n<p><strong>5. Az adatkezel\u00e9s id\u0151tartama<\/strong><\/p>\n\n\n\n<p>A kapcsolatfelv\u00e9teli \u00fczeneteket legfeljebb 1 \u00e9vig \u0151rizz\u00fck meg, majd biztons\u00e1gosan t\u00f6r\u00f6lj\u00fck, kiv\u00e9ve, ha jogszab\u00e1ly hosszabb meg\u0151rz\u00e9si id\u0151t \u00edr el\u0151 (pl. sz\u00e1mviteli k\u00f6telezetts\u00e9gek).<\/p>\n\n\n\n<p><strong>6. Az \u00d6n jogai<\/strong><\/p>\n\n\n\n<p>\u00d6n jogosult arra, hogy:<\/p>\n\n\n\n<p>\u2022&nbsp;t\u00e1j\u00e9koztat\u00e1st k\u00e9rjen az \u00d6nr\u0151l kezelt adatokr\u00f3l,<\/p>\n\n\n\n<p>\u2022&nbsp;k\u00e9rje szem\u00e9lyes adatainak helyesb\u00edt\u00e9s\u00e9t vagy t\u00f6rl\u00e9s\u00e9t,<\/p>\n\n\n\n<p>\u2022&nbsp;k\u00e9rje az adatkezel\u00e9s korl\u00e1toz\u00e1s\u00e1t,<\/p>\n\n\n\n<p>\u2022&nbsp;tiltakozzon az adatkezel\u00e9s ellen,<\/p>\n\n\n\n<p>\u2022&nbsp;hozz\u00e1j\u00e1rul\u00e1s\u00e1t b\u00e1rmikor visszavonja,<\/p>\n\n\n\n<p>\u2022&nbsp;panaszt tegyen a Nemzeti Adatv\u00e9delmi \u00e9s Inform\u00e1ci\u00f3szabads\u00e1g Hat\u00f3s\u00e1gn\u00e1l (NAIH).<\/p>\n\n\n\n<p><strong>7. Cookie-k<\/strong><\/p>\n\n\n\n<p>A weboldalunk nem haszn\u00e1l cookie-kat, \u00e9s nem alkalmaz semmilyen automatikus adatgy\u0171jt\u00e9si technol\u00f3gi\u00e1t.<\/p>\n\n\n\n<p><strong>8. Adattov\u00e1bb\u00edt\u00e1s, adatfeldolgoz\u00e1s<\/strong><\/p>\n\n\n\n<p>Szem\u00e9lyes adatait nem tov\u00e1bb\u00edtjuk \u00e9s nem kezelj\u00fck k\u00fcls\u0151 adatfeldolgoz\u00f3val. Az adatok csak az adatkezel\u0151 \u00e1ltal hozz\u00e1f\u00e9rhet\u0151k.<\/p>\n\n\n\n<p><strong>9. Kapcsolat<\/strong><\/p>\n\n\n\n<p>Ha b\u00e1rmilyen k\u00e9rd\u00e9se van az adatkezel\u00e9ssel kapcsolatban, k\u00e9rj\u00fck, \u00edrjon a k\u00f6vetkez\u0151 e-mail c\u00edmre: <a href=\"mailto:info@zoldpirinyok.hu\">info@zoldpirinyok.hu<\/a><\/p>\n","protected":false},"excerpt":{"rendered":"<p>1. Az adatkezel\u0151 adatai N\u00e9v:\u00a0Kiss Tam\u00e1s Zsolt &#8211; \u0151stermel\u0151C\u00edm:\u00a02000 Szentendre, T\u00e1bor utca 11.E-mail:\u00a0info@zoldpirinyok.huWeboldal:\u00a0https:\/\/zoldpirinyok.hu 2. Az adatkezel\u00e9s c\u00e9lja A kapcsolatfelv\u00e9tel sor\u00e1n megadott szem\u00e9lyes adatokat (pl. n\u00e9v, e-mail c\u00edm, \u00fczenet tartalma) kiz\u00e1r\u00f3lag abb\u00f3l a c\u00e9lb\u00f3l kezelj\u00fck, hogy v\u00e1laszolni tudjunk a megkeres\u00e9sre. Nem k\u00fcld\u00fcnk h\u00edrlevelet, rekl\u00e1mot, \u00e9s nem adjuk tov\u00e1bb az adatokat harmadik f\u00e9l r\u00e9sz\u00e9re. 3. A kezelt &hellip; <\/p>\n<p class=\"link-more\"><a href=\"https:\/\/zoldpirinyok.hu\/index.php\/aszf\/\" class=\"more-link\"><span class=\"screen-reader-text\">&#8222;Adatv\u00e9delmi t\u00e1j\u00e9koztat\u00f3&#8221;<\/span> b\u0151vebben<\/a><\/p>\n","protected":false},"author":1,"featured_media":0,"parent":0,"menu_order":0,"comment_status":"closed","ping_status":"closed","template":"","meta":{"footnotes":""},"class_list":["post-112","page","type-page","status-publish","hentry"],"_links":{"self":[{"href":"https:\/\/zoldpirinyok.hu\/index.php\/wp-json\/wp\/v2\/pages\/112","targetHints":{"allow":["GET"]}}],"collection":[{"href":"https:\/\/zoldpirinyok.hu\/index.php\/wp-json\/wp\/v2\/pages"}],"about":[{"href":"https:\/\/zoldpirinyok.hu\/index.php\/wp-json\/wp\/v2\/types\/page"}],"author":[{"embeddable":true,"href":"https:\/\/zoldpirinyok.hu\/index.php\/wp-json\/wp\/v2\/users\/1"}],"replies":[{"embeddable":true,"href":"https:\/\/zoldpirinyok.hu\/index.php\/wp-json\/wp\/v2\/comments?post=112"}],"version-history":[{"count":4,"href":"https:\/\/zoldpirinyok.hu\/index.php\/wp-json\/wp\/v2\/pages\/112\/revisions"}],"predecessor-version":[{"id":126,"href":"https:\/\/zoldpirinyok.hu\/index.php\/wp-json\/wp\/v2\/pages\/112\/revisions\/126"}],"wp:attachment":[{"href":"https:\/\/zoldpirinyok.hu\/index.php\/wp-json\/wp\/v2\/media?parent=112"}],"curies":[{"name":"wp","href":"https:\/\/api.w.org\/{rel}","templated":true}]}}