{"id":10,"date":"2025-03-30T12:17:52","date_gmt":"2025-03-30T12:17:52","guid":{"rendered":"https:\/\/zoldpirinyok.hu\/?page_id=10"},"modified":"2025-03-30T16:45:53","modified_gmt":"2025-03-30T16:45:53","slug":"kezdolap","status":"publish","type":"page","link":"https:\/\/zoldpirinyok.hu\/","title":{"rendered":"Kezd\u0151lap"},"content":{"rendered":"\n<p>\ud83c\udf3f A mikroz\u00f6ldek fiatal, ehet\u0151 n\u00f6v\u00e9nyek, amelyeket a cs\u00edr\u00e1z\u00e1s ut\u00e1n 7\u201314 nappal sz\u00fcretelnek. Ezek a n\u00f6v\u00e9nyek gazdagok vitaminokban, \u00e1sv\u00e1nyi anyagokban \u00e9s antioxid\u00e1nsokban, \u00edgy rendk\u00edv\u00fcl eg\u00e9szs\u00e9gesek. \u00c1ltal\u00e1ban sal\u00e1t\u00e1khoz, szendvicsekhez, levesekhez vagy d\u00edsz\u00edt\u00e9sk\u00e9nt haszn\u00e1lj\u00e1k \u0151ket. \ud83c\udf3f<\/p>\n","protected":false},"excerpt":{"rendered":"<p>\ud83c\udf3f A mikroz\u00f6ldek fiatal, ehet\u0151 n\u00f6v\u00e9nyek, amelyeket a cs\u00edr\u00e1z\u00e1s ut\u00e1n 7\u201314 nappal sz\u00fcretelnek. Ezek a n\u00f6v\u00e9nyek gazdagok vitaminokban, \u00e1sv\u00e1nyi anyagokban \u00e9s antioxid\u00e1nsokban, \u00edgy rendk\u00edv\u00fcl eg\u00e9szs\u00e9gesek. \u00c1ltal\u00e1ban sal\u00e1t\u00e1khoz, szendvicsekhez, levesekhez vagy d\u00edsz\u00edt\u00e9sk\u00e9nt haszn\u00e1lj\u00e1k \u0151ket. \ud83c\udf3f<\/p>\n","protected":false},"author":1,"featured_media":0,"parent":0,"menu_order":0,"comment_status":"closed","ping_status":"closed","template":"","meta":{"footnotes":""},"class_list":["post-10","page","type-page","status-publish","hentry"],"_links":{"self":[{"href":"https:\/\/zoldpirinyok.hu\/index.php\/wp-json\/wp\/v2\/pages\/10","targetHints":{"allow":["GET"]}}],"collection":[{"href":"https:\/\/zoldpirinyok.hu\/index.php\/wp-json\/wp\/v2\/pages"}],"about":[{"href":"https:\/\/zoldpirinyok.hu\/index.php\/wp-json\/wp\/v2\/types\/page"}],"author":[{"embeddable":true,"href":"https:\/\/zoldpirinyok.hu\/index.php\/wp-json\/wp\/v2\/users\/1"}],"replies":[{"embeddable":true,"href":"https:\/\/zoldpirinyok.hu\/index.php\/wp-json\/wp\/v2\/comments?post=10"}],"version-history":[{"count":10,"href":"https:\/\/zoldpirinyok.hu\/index.php\/wp-json\/wp\/v2\/pages\/10\/revisions"}],"predecessor-version":[{"id":88,"href":"https:\/\/zoldpirinyok.hu\/index.php\/wp-json\/wp\/v2\/pages\/10\/revisions\/88"}],"wp:attachment":[{"href":"https:\/\/zoldpirinyok.hu\/index.php\/wp-json\/wp\/v2\/media?parent=10"}],"curies":[{"name":"wp","href":"https:\/\/api.w.org\/{rel}","templated":true}]}}